{"id":133,"date":"2016-11-10T10:48:54","date_gmt":"2016-11-10T10:48:54","guid":{"rendered":"https:\/\/palokanpuutuote.fi\/?page_id=133"},"modified":"2016-11-28T12:29:34","modified_gmt":"2016-11-28T10:29:34","slug":"jata-yhteydenottopyynto","status":"publish","type":"page","link":"https:\/\/palokanpuutuote.fi\/en\/jata-yhteydenottopyynto\/","title":{"rendered":"J\u00e4t\u00e4 yhteydenottopyynt\u00f6"},"content":{"rendered":"<p>Jokainen julkisen tilan kalustaminen on<br \/>\nyksil\u00f6llinen prosessi.<\/p>\n<p>J\u00e4t\u00e4 meille yhteydenottopyynt\u00f6. Katsotaan yhdess\u00e4 mit\u00e4 voimme juuri sinun tilaasi tarjota!<\/p>","protected":false},"excerpt":{"rendered":"<p>Jokainen julkisen tilan kalustaminen on yksil\u00f6llinen prosessi. J\u00e4t\u00e4 meille yhteydenottopyynt\u00f6. Katsotaan yhdess\u00e4 mit\u00e4 voimme juuri sinun tilaasi tarjota!<\/p>","protected":false},"author":1,"featured_media":0,"parent":0,"menu_order":0,"comment_status":"closed","ping_status":"closed","template":"page-templates\/landing.php","meta":{"footnotes":""},"class_list":["post-133","page","type-page","status-publish","hentry"],"yoast_head":"<!-- This site is optimized with the Yoast SEO plugin v27.4 - https:\/\/yoast.com\/product\/yoast-seo-wordpress\/ -->\n<title>J\u00e4t\u00e4 yhteydenottopyynt\u00f6 - Palokan Puutuote Oy<\/title>\n<meta name=\"robots\" content=\"index, follow, max-snippet:-1, max-image-preview:large, max-video-preview:-1\" \/>\n<link rel=\"canonical\" href=\"https:\/\/palokanpuutuote.fi\/en\/jata-yhteydenottopyynto\/\" \/>\n<meta property=\"og:locale\" content=\"en_GB\" \/>\n<meta property=\"og:type\" content=\"article\" \/>\n<meta property=\"og:title\" content=\"J\u00e4t\u00e4 yhteydenottopyynt\u00f6 - Palokan Puutuote Oy\" \/>\n<meta property=\"og:description\" content=\"Jokainen julkisen tilan kalustaminen on yksil\u00f6llinen prosessi. J\u00e4t\u00e4 meille yhteydenottopyynt\u00f6. Katsotaan yhdess\u00e4 mit\u00e4 voimme juuri sinun tilaasi tarjota!\" \/>\n<meta property=\"og:url\" content=\"https:\/\/palokanpuutuote.fi\/en\/jata-yhteydenottopyynto\/\" \/>\n<meta property=\"og:site_name\" content=\"Palokan Puutuote Oy\" \/>\n<meta property=\"article:modified_time\" content=\"2016-11-28T10:29:34+00:00\" \/>\n<meta property=\"og:image\" content=\"https:\/\/palokanpuutuote.fi\/wp-content\/uploads\/2016\/11\/palokan-logo.png\" \/>\n<meta name=\"twitter:card\" content=\"summary_large_image\" \/>\n<script type=\"application\/ld+json\" class=\"yoast-schema-graph\">{\"@context\":\"https:\\\/\\\/schema.org\",\"@graph\":[{\"@type\":\"WebPage\",\"@id\":\"https:\\\/\\\/palokanpuutuote.fi\\\/jata-yhteydenottopyynto\\\/\",\"url\":\"https:\\\/\\\/palokanpuutuote.fi\\\/jata-yhteydenottopyynto\\\/\",\"name\":\"J\u00e4t\u00e4 yhteydenottopyynt\u00f6 - Palokan Puutuote Oy\",\"isPartOf\":{\"@id\":\"https:\\\/\\\/palokanpuutuote.fi\\\/#website\"},\"datePublished\":\"2016-11-10T10:48:54+00:00\",\"dateModified\":\"2016-11-28T10:29:34+00:00\",\"breadcrumb\":{\"@id\":\"https:\\\/\\\/palokanpuutuote.fi\\\/jata-yhteydenottopyynto\\\/#breadcrumb\"},\"inLanguage\":\"en-GB\",\"potentialAction\":[{\"@type\":\"ReadAction\",\"target\":[\"https:\\\/\\\/palokanpuutuote.fi\\\/jata-yhteydenottopyynto\\\/\"]}]},{\"@type\":\"BreadcrumbList\",\"@id\":\"https:\\\/\\\/palokanpuutuote.fi\\\/jata-yhteydenottopyynto\\\/#breadcrumb\",\"itemListElement\":[{\"@type\":\"ListItem\",\"position\":1,\"name\":\"Home\",\"item\":\"https:\\\/\\\/palokanpuutuote.fi\\\/\"},{\"@type\":\"ListItem\",\"position\":2,\"name\":\"J\u00e4t\u00e4 yhteydenottopyynt\u00f6\"}]},{\"@type\":\"WebSite\",\"@id\":\"https:\\\/\\\/palokanpuutuote.fi\\\/#website\",\"url\":\"https:\\\/\\\/palokanpuutuote.fi\\\/\",\"name\":\"Palokan Puutuote Oy\",\"description\":\"Julkitilakalusteet ja sisustusprojektit\",\"publisher\":{\"@id\":\"https:\\\/\\\/palokanpuutuote.fi\\\/#organization\"},\"potentialAction\":[{\"@type\":\"SearchAction\",\"target\":{\"@type\":\"EntryPoint\",\"urlTemplate\":\"https:\\\/\\\/palokanpuutuote.fi\\\/?s={search_term_string}\"},\"query-input\":{\"@type\":\"PropertyValueSpecification\",\"valueRequired\":true,\"valueName\":\"search_term_string\"}}],\"inLanguage\":\"en-GB\"},{\"@type\":\"Organization\",\"@id\":\"https:\\\/\\\/palokanpuutuote.fi\\\/#organization\",\"name\":\"Palokan Puutuote Oy\",\"url\":\"https:\\\/\\\/palokanpuutuote.fi\\\/\",\"logo\":{\"@type\":\"ImageObject\",\"inLanguage\":\"en-GB\",\"@id\":\"https:\\\/\\\/palokanpuutuote.fi\\\/#\\\/schema\\\/logo\\\/image\\\/\",\"url\":\"https:\\\/\\\/palokanpuutuote.fi\\\/wp-content\\\/uploads\\\/2016\\\/11\\\/Palokan-Puutuote-Oy-logo.png\",\"contentUrl\":\"https:\\\/\\\/palokanpuutuote.fi\\\/wp-content\\\/uploads\\\/2016\\\/11\\\/Palokan-Puutuote-Oy-logo.png\",\"width\":64,\"height\":64,\"caption\":\"Palokan Puutuote Oy\"},\"image\":{\"@id\":\"https:\\\/\\\/palokanpuutuote.fi\\\/#\\\/schema\\\/logo\\\/image\\\/\"},\"sameAs\":[\"https:\\\/\\\/www.instagram.com\\\/palokanpuutuoteoy\\\/\"]}]}<\/script>\n<!-- \/ Yoast SEO plugin. -->","yoast_head_json":{"title":"J\u00e4t\u00e4 yhteydenottopyynt\u00f6 - Palokan Puutuote Oy","robots":{"index":"index","follow":"follow","max-snippet":"max-snippet:-1","max-image-preview":"max-image-preview:large","max-video-preview":"max-video-preview:-1"},"canonical":"https:\/\/palokanpuutuote.fi\/en\/jata-yhteydenottopyynto\/","og_locale":"en_GB","og_type":"article","og_title":"J\u00e4t\u00e4 yhteydenottopyynt\u00f6 - Palokan Puutuote Oy","og_description":"Jokainen julkisen tilan kalustaminen on yksil\u00f6llinen prosessi. J\u00e4t\u00e4 meille yhteydenottopyynt\u00f6. Katsotaan yhdess\u00e4 mit\u00e4 voimme juuri sinun tilaasi tarjota!","og_url":"https:\/\/palokanpuutuote.fi\/en\/jata-yhteydenottopyynto\/","og_site_name":"Palokan Puutuote Oy","article_modified_time":"2016-11-28T10:29:34+00:00","og_image":[{"url":"https:\/\/palokanpuutuote.fi\/wp-content\/uploads\/2016\/11\/palokan-logo.png","type":"","width":"","height":""}],"twitter_card":"summary_large_image","schema":{"@context":"https:\/\/schema.org","@graph":[{"@type":"WebPage","@id":"https:\/\/palokanpuutuote.fi\/jata-yhteydenottopyynto\/","url":"https:\/\/palokanpuutuote.fi\/jata-yhteydenottopyynto\/","name":"J\u00e4t\u00e4 yhteydenottopyynt\u00f6 - Palokan Puutuote Oy","isPartOf":{"@id":"https:\/\/palokanpuutuote.fi\/#website"},"datePublished":"2016-11-10T10:48:54+00:00","dateModified":"2016-11-28T10:29:34+00:00","breadcrumb":{"@id":"https:\/\/palokanpuutuote.fi\/jata-yhteydenottopyynto\/#breadcrumb"},"inLanguage":"en-GB","potentialAction":[{"@type":"ReadAction","target":["https:\/\/palokanpuutuote.fi\/jata-yhteydenottopyynto\/"]}]},{"@type":"BreadcrumbList","@id":"https:\/\/palokanpuutuote.fi\/jata-yhteydenottopyynto\/#breadcrumb","itemListElement":[{"@type":"ListItem","position":1,"name":"Home","item":"https:\/\/palokanpuutuote.fi\/"},{"@type":"ListItem","position":2,"name":"J\u00e4t\u00e4 yhteydenottopyynt\u00f6"}]},{"@type":"WebSite","@id":"https:\/\/palokanpuutuote.fi\/#website","url":"https:\/\/palokanpuutuote.fi\/","name":"Palokan Puutuote Oy","description":"Julkitilakalusteet ja sisustusprojektit","publisher":{"@id":"https:\/\/palokanpuutuote.fi\/#organization"},"potentialAction":[{"@type":"SearchAction","target":{"@type":"EntryPoint","urlTemplate":"https:\/\/palokanpuutuote.fi\/?s={search_term_string}"},"query-input":{"@type":"PropertyValueSpecification","valueRequired":true,"valueName":"search_term_string"}}],"inLanguage":"en-GB"},{"@type":"Organization","@id":"https:\/\/palokanpuutuote.fi\/#organization","name":"Palokan Puutuote Oy","url":"https:\/\/palokanpuutuote.fi\/","logo":{"@type":"ImageObject","inLanguage":"en-GB","@id":"https:\/\/palokanpuutuote.fi\/#\/schema\/logo\/image\/","url":"https:\/\/palokanpuutuote.fi\/wp-content\/uploads\/2016\/11\/Palokan-Puutuote-Oy-logo.png","contentUrl":"https:\/\/palokanpuutuote.fi\/wp-content\/uploads\/2016\/11\/Palokan-Puutuote-Oy-logo.png","width":64,"height":64,"caption":"Palokan Puutuote Oy"},"image":{"@id":"https:\/\/palokanpuutuote.fi\/#\/schema\/logo\/image\/"},"sameAs":["https:\/\/www.instagram.com\/palokanpuutuoteoy\/"]}]}},"_links":{"self":[{"href":"https:\/\/palokanpuutuote.fi\/en\/wp-json\/wp\/v2\/pages\/133","targetHints":{"allow":["GET"]}}],"collection":[{"href":"https:\/\/palokanpuutuote.fi\/en\/wp-json\/wp\/v2\/pages"}],"about":[{"href":"https:\/\/palokanpuutuote.fi\/en\/wp-json\/wp\/v2\/types\/page"}],"author":[{"embeddable":true,"href":"https:\/\/palokanpuutuote.fi\/en\/wp-json\/wp\/v2\/users\/1"}],"replies":[{"embeddable":true,"href":"https:\/\/palokanpuutuote.fi\/en\/wp-json\/wp\/v2\/comments?post=133"}],"version-history":[{"count":17,"href":"https:\/\/palokanpuutuote.fi\/en\/wp-json\/wp\/v2\/pages\/133\/revisions"}],"predecessor-version":[{"id":323,"href":"https:\/\/palokanpuutuote.fi\/en\/wp-json\/wp\/v2\/pages\/133\/revisions\/323"}],"wp:attachment":[{"href":"https:\/\/palokanpuutuote.fi\/en\/wp-json\/wp\/v2\/media?parent=133"}],"curies":[{"name":"wp","href":"https:\/\/api.w.org\/{rel}","templated":true}]}}