{"id":764,"date":"2025-04-17T09:19:33","date_gmt":"2025-04-17T07:19:33","guid":{"rendered":"https:\/\/palokanpuutuote.fi\/?page_id=764"},"modified":"2025-04-17T09:19:33","modified_gmt":"2025-04-17T07:19:33","slug":"tietosuojaseloste","status":"publish","type":"page","link":"https:\/\/palokanpuutuote.fi\/fi\/tietosuojaseloste\/","title":{"rendered":"Tietosuojaseloste"},"content":{"rendered":"\n<h2 class=\"wp-block-heading\">Tietosuojaseloste on tietosuojalain edellytt\u00e4m\u00e4 informointiasiakirja.<\/h2>\n\n\n\n<p>Jokaisella on oikeus tiet\u00e4\u00e4, mit\u00e4 tietoja h\u00e4nest\u00e4 on tallennettu eri rekistereihin. Tietojen tarkastusoikeudesta, tarkastusoikeuden toteuttamisesta ja tietojen korjaamisesta on s\u00e4\u00e4detty EU:n yleisell\u00e4 tietosuoja-asetuksella (2016\/679). Palokan Puutuote Oy:n k\u00e4yt\u00f6ss\u00e4\u00e4n olevat asiakas- ja kumppanuustietoja sis\u00e4lt\u00e4vien henkil\u00f6rekisterien tietosuojaselosteet ovat k\u00e4ytt\u00f6tarkoituksen mukaisesti jaoteltu eri henkil\u00f6rekistereihin.<\/p>\n\n\n\n<p><a href=\"https:\/\/oma.easygdpr.fi\/file\/public\/privacy-policies\/d10227de-ecac-4bb3-9a0f-3a161942999a\">Asiakasrekisteri B2B<\/a><\/p>\n\n\n\n<p><a href=\"https:\/\/oma.easygdpr.fi\/file\/public\/privacy-policies\/d24169a8-38ea-49d9-8ae7-0107175b6b0e\">Kameravalvontarekisteri<\/a><\/p>\n\n\n\n<p><a href=\"https:\/\/oma.easygdpr.fi\/file\/public\/privacy-policies\/02c58086-bd8c-4388-aa4c-8c31e50508fb\">Laskutusrekisteri<\/a><\/p>\n\n\n\n<p><a href=\"https:\/\/oma.easygdpr.fi\/file\/public\/privacy-policies\/d101309c-4062-49ce-9272-d7eb5d462a93\">Prospektit ja potentiaaliset asiakkaat<\/a><\/p>\n\n\n\n<p><a href=\"https:\/\/oma.easygdpr.fi\/file\/public\/privacy-policies\/e410cf86-4200-4a57-9d7a-be5a09dab6e7\">Rekrytointirekisteri<\/a><\/p>\n\n\n\n<p><a href=\"https:\/\/oma.easygdpr.fi\/file\/public\/privacy-policies\/5bd95ca3-c122-488a-b1ec-94dcc8a502b3\">Sopimusrekisteri<\/a><\/p>\n\n\n\n<p><a href=\"https:\/\/oma.easygdpr.fi\/file\/public\/privacy-policies\/7743045f-e9aa-4c8f-9b71-299dd2b8864a\">S\u00e4hk\u00f6isen viestinn\u00e4n rekisteri<\/a><\/p>\n\n\n\n<p><a href=\"https:\/\/oma.easygdpr.fi\/file\/public\/privacy-policies\/a6bd0cdc-b65f-408c-8816-4a082bd808fa\">Verkkovierailurekisteri<\/a><\/p>\n\n\n\n<p><\/p>\n","protected":false},"excerpt":{"rendered":"<p>Tietosuojaseloste on tietosuojalain edellytt\u00e4m\u00e4 informointiasiakirja. Jokaisella on oikeus tiet\u00e4\u00e4, mit\u00e4 tietoja h\u00e4nest\u00e4 on tallennettu eri rekistereihin. Tietojen tarkastusoikeudesta, tarkastusoikeuden toteuttamisesta ja tietojen korjaamisesta on s\u00e4\u00e4detty EU:n yleisell\u00e4 tietosuoja-asetuksella (2016\/679). Palokan Puutuote Oy:n k\u00e4yt\u00f6ss\u00e4\u00e4n olevat asiakas- ja kumppanuustietoja sis\u00e4lt\u00e4vien henkil\u00f6rekisterien tietosuojaselosteet ovat k\u00e4ytt\u00f6tarkoituksen mukaisesti jaoteltu eri henkil\u00f6rekistereihin. Asiakasrekisteri B2B Kameravalvontarekisteri Laskutusrekisteri Prospektit ja potentiaaliset asiakkaat Rekrytointirekisteri [&hellip;]<\/p>\n","protected":false},"author":1,"featured_media":0,"parent":0,"menu_order":0,"comment_status":"closed","ping_status":"closed","template":"","meta":{"footnotes":""},"class_list":["post-764","page","type-page","status-publish","hentry"],"yoast_head":"<!-- This site is optimized with the Yoast SEO plugin v27.4 - https:\/\/yoast.com\/product\/yoast-seo-wordpress\/ -->\n<title>Tietosuojaseloste - Palokan Puutuote Oy<\/title>\n<meta name=\"robots\" content=\"index, follow, max-snippet:-1, max-image-preview:large, max-video-preview:-1\" \/>\n<link rel=\"canonical\" href=\"https:\/\/palokanpuutuote.fi\/fi\/tietosuojaseloste\/\" \/>\n<meta property=\"og:locale\" content=\"fi_FI\" \/>\n<meta property=\"og:type\" content=\"article\" \/>\n<meta property=\"og:title\" content=\"Tietosuojaseloste - Palokan Puutuote Oy\" \/>\n<meta property=\"og:description\" content=\"Tietosuojaseloste on tietosuojalain edellytt\u00e4m\u00e4 informointiasiakirja. Jokaisella on oikeus tiet\u00e4\u00e4, mit\u00e4 tietoja h\u00e4nest\u00e4 on tallennettu eri rekistereihin. Tietojen tarkastusoikeudesta, tarkastusoikeuden toteuttamisesta ja tietojen korjaamisesta on s\u00e4\u00e4detty EU:n yleisell\u00e4 tietosuoja-asetuksella (2016\/679). Palokan Puutuote Oy:n k\u00e4yt\u00f6ss\u00e4\u00e4n olevat asiakas- ja kumppanuustietoja sis\u00e4lt\u00e4vien henkil\u00f6rekisterien tietosuojaselosteet ovat k\u00e4ytt\u00f6tarkoituksen mukaisesti jaoteltu eri henkil\u00f6rekistereihin. Asiakasrekisteri B2B Kameravalvontarekisteri Laskutusrekisteri Prospektit ja potentiaaliset asiakkaat Rekrytointirekisteri [&hellip;]\" \/>\n<meta property=\"og:url\" content=\"https:\/\/palokanpuutuote.fi\/fi\/tietosuojaseloste\/\" \/>\n<meta property=\"og:site_name\" content=\"Palokan Puutuote Oy\" \/>\n<meta property=\"og:image\" content=\"https:\/\/palokanpuutuote.fi\/wp-content\/uploads\/2016\/11\/palokan-logo.png\" \/>\n<meta name=\"twitter:card\" content=\"summary_large_image\" \/>\n<meta name=\"twitter:label1\" content=\"Arvioitu lukuaika\" \/>\n\t<meta name=\"twitter:data1\" content=\"1 minuutti\" \/>\n<script type=\"application\/ld+json\" class=\"yoast-schema-graph\">{\"@context\":\"https:\\\/\\\/schema.org\",\"@graph\":[{\"@type\":\"WebPage\",\"@id\":\"https:\\\/\\\/palokanpuutuote.fi\\\/tietosuojaseloste\\\/\",\"url\":\"https:\\\/\\\/palokanpuutuote.fi\\\/tietosuojaseloste\\\/\",\"name\":\"Tietosuojaseloste - Palokan Puutuote Oy\",\"isPartOf\":{\"@id\":\"https:\\\/\\\/palokanpuutuote.fi\\\/#website\"},\"datePublished\":\"2025-04-17T07:19:33+00:00\",\"breadcrumb\":{\"@id\":\"https:\\\/\\\/palokanpuutuote.fi\\\/tietosuojaseloste\\\/#breadcrumb\"},\"inLanguage\":\"fi\",\"potentialAction\":[{\"@type\":\"ReadAction\",\"target\":[\"https:\\\/\\\/palokanpuutuote.fi\\\/tietosuojaseloste\\\/\"]}]},{\"@type\":\"BreadcrumbList\",\"@id\":\"https:\\\/\\\/palokanpuutuote.fi\\\/tietosuojaseloste\\\/#breadcrumb\",\"itemListElement\":[{\"@type\":\"ListItem\",\"position\":1,\"name\":\"Home\",\"item\":\"https:\\\/\\\/palokanpuutuote.fi\\\/\"},{\"@type\":\"ListItem\",\"position\":2,\"name\":\"Tietosuojaseloste\"}]},{\"@type\":\"WebSite\",\"@id\":\"https:\\\/\\\/palokanpuutuote.fi\\\/#website\",\"url\":\"https:\\\/\\\/palokanpuutuote.fi\\\/\",\"name\":\"Palokan Puutuote Oy\",\"description\":\"Julkitilakalusteet ja sisustusprojektit\",\"publisher\":{\"@id\":\"https:\\\/\\\/palokanpuutuote.fi\\\/#organization\"},\"potentialAction\":[{\"@type\":\"SearchAction\",\"target\":{\"@type\":\"EntryPoint\",\"urlTemplate\":\"https:\\\/\\\/palokanpuutuote.fi\\\/?s={search_term_string}\"},\"query-input\":{\"@type\":\"PropertyValueSpecification\",\"valueRequired\":true,\"valueName\":\"search_term_string\"}}],\"inLanguage\":\"fi\"},{\"@type\":\"Organization\",\"@id\":\"https:\\\/\\\/palokanpuutuote.fi\\\/#organization\",\"name\":\"Palokan Puutuote Oy\",\"url\":\"https:\\\/\\\/palokanpuutuote.fi\\\/\",\"logo\":{\"@type\":\"ImageObject\",\"inLanguage\":\"fi\",\"@id\":\"https:\\\/\\\/palokanpuutuote.fi\\\/#\\\/schema\\\/logo\\\/image\\\/\",\"url\":\"https:\\\/\\\/palokanpuutuote.fi\\\/wp-content\\\/uploads\\\/2016\\\/11\\\/Palokan-Puutuote-Oy-logo.png\",\"contentUrl\":\"https:\\\/\\\/palokanpuutuote.fi\\\/wp-content\\\/uploads\\\/2016\\\/11\\\/Palokan-Puutuote-Oy-logo.png\",\"width\":64,\"height\":64,\"caption\":\"Palokan Puutuote Oy\"},\"image\":{\"@id\":\"https:\\\/\\\/palokanpuutuote.fi\\\/#\\\/schema\\\/logo\\\/image\\\/\"},\"sameAs\":[\"https:\\\/\\\/www.instagram.com\\\/palokanpuutuoteoy\\\/\"]}]}<\/script>\n<!-- \/ Yoast SEO plugin. -->","yoast_head_json":{"title":"Tietosuojaseloste - Palokan Puutuote Oy","robots":{"index":"index","follow":"follow","max-snippet":"max-snippet:-1","max-image-preview":"max-image-preview:large","max-video-preview":"max-video-preview:-1"},"canonical":"https:\/\/palokanpuutuote.fi\/fi\/tietosuojaseloste\/","og_locale":"fi_FI","og_type":"article","og_title":"Tietosuojaseloste - Palokan Puutuote Oy","og_description":"Tietosuojaseloste on tietosuojalain edellytt\u00e4m\u00e4 informointiasiakirja. Jokaisella on oikeus tiet\u00e4\u00e4, mit\u00e4 tietoja h\u00e4nest\u00e4 on tallennettu eri rekistereihin. Tietojen tarkastusoikeudesta, tarkastusoikeuden toteuttamisesta ja tietojen korjaamisesta on s\u00e4\u00e4detty EU:n yleisell\u00e4 tietosuoja-asetuksella (2016\/679). Palokan Puutuote Oy:n k\u00e4yt\u00f6ss\u00e4\u00e4n olevat asiakas- ja kumppanuustietoja sis\u00e4lt\u00e4vien henkil\u00f6rekisterien tietosuojaselosteet ovat k\u00e4ytt\u00f6tarkoituksen mukaisesti jaoteltu eri henkil\u00f6rekistereihin. Asiakasrekisteri B2B Kameravalvontarekisteri Laskutusrekisteri Prospektit ja potentiaaliset asiakkaat Rekrytointirekisteri [&hellip;]","og_url":"https:\/\/palokanpuutuote.fi\/fi\/tietosuojaseloste\/","og_site_name":"Palokan Puutuote Oy","og_image":[{"url":"https:\/\/palokanpuutuote.fi\/wp-content\/uploads\/2016\/11\/palokan-logo.png","type":"","width":"","height":""}],"twitter_card":"summary_large_image","twitter_misc":{"Arvioitu lukuaika":"1 minuutti"},"schema":{"@context":"https:\/\/schema.org","@graph":[{"@type":"WebPage","@id":"https:\/\/palokanpuutuote.fi\/tietosuojaseloste\/","url":"https:\/\/palokanpuutuote.fi\/tietosuojaseloste\/","name":"Tietosuojaseloste - Palokan Puutuote Oy","isPartOf":{"@id":"https:\/\/palokanpuutuote.fi\/#website"},"datePublished":"2025-04-17T07:19:33+00:00","breadcrumb":{"@id":"https:\/\/palokanpuutuote.fi\/tietosuojaseloste\/#breadcrumb"},"inLanguage":"fi","potentialAction":[{"@type":"ReadAction","target":["https:\/\/palokanpuutuote.fi\/tietosuojaseloste\/"]}]},{"@type":"BreadcrumbList","@id":"https:\/\/palokanpuutuote.fi\/tietosuojaseloste\/#breadcrumb","itemListElement":[{"@type":"ListItem","position":1,"name":"Home","item":"https:\/\/palokanpuutuote.fi\/"},{"@type":"ListItem","position":2,"name":"Tietosuojaseloste"}]},{"@type":"WebSite","@id":"https:\/\/palokanpuutuote.fi\/#website","url":"https:\/\/palokanpuutuote.fi\/","name":"Palokan Puutuote Oy","description":"Julkitilakalusteet ja sisustusprojektit","publisher":{"@id":"https:\/\/palokanpuutuote.fi\/#organization"},"potentialAction":[{"@type":"SearchAction","target":{"@type":"EntryPoint","urlTemplate":"https:\/\/palokanpuutuote.fi\/?s={search_term_string}"},"query-input":{"@type":"PropertyValueSpecification","valueRequired":true,"valueName":"search_term_string"}}],"inLanguage":"fi"},{"@type":"Organization","@id":"https:\/\/palokanpuutuote.fi\/#organization","name":"Palokan Puutuote Oy","url":"https:\/\/palokanpuutuote.fi\/","logo":{"@type":"ImageObject","inLanguage":"fi","@id":"https:\/\/palokanpuutuote.fi\/#\/schema\/logo\/image\/","url":"https:\/\/palokanpuutuote.fi\/wp-content\/uploads\/2016\/11\/Palokan-Puutuote-Oy-logo.png","contentUrl":"https:\/\/palokanpuutuote.fi\/wp-content\/uploads\/2016\/11\/Palokan-Puutuote-Oy-logo.png","width":64,"height":64,"caption":"Palokan Puutuote Oy"},"image":{"@id":"https:\/\/palokanpuutuote.fi\/#\/schema\/logo\/image\/"},"sameAs":["https:\/\/www.instagram.com\/palokanpuutuoteoy\/"]}]}},"_links":{"self":[{"href":"https:\/\/palokanpuutuote.fi\/fi\/wp-json\/wp\/v2\/pages\/764","targetHints":{"allow":["GET"]}}],"collection":[{"href":"https:\/\/palokanpuutuote.fi\/fi\/wp-json\/wp\/v2\/pages"}],"about":[{"href":"https:\/\/palokanpuutuote.fi\/fi\/wp-json\/wp\/v2\/types\/page"}],"author":[{"embeddable":true,"href":"https:\/\/palokanpuutuote.fi\/fi\/wp-json\/wp\/v2\/users\/1"}],"replies":[{"embeddable":true,"href":"https:\/\/palokanpuutuote.fi\/fi\/wp-json\/wp\/v2\/comments?post=764"}],"version-history":[{"count":2,"href":"https:\/\/palokanpuutuote.fi\/fi\/wp-json\/wp\/v2\/pages\/764\/revisions"}],"predecessor-version":[{"id":772,"href":"https:\/\/palokanpuutuote.fi\/fi\/wp-json\/wp\/v2\/pages\/764\/revisions\/772"}],"wp:attachment":[{"href":"https:\/\/palokanpuutuote.fi\/fi\/wp-json\/wp\/v2\/media?parent=764"}],"curies":[{"name":"wp","href":"https:\/\/api.w.org\/{rel}","templated":true}]}}